{"id":14349,"date":"2025-09-11T12:25:03","date_gmt":"2025-09-11T12:25:03","guid":{"rendered":"https:\/\/staging.salimaelearning.com\/?page_id=14349"},"modified":"2025-09-11T12:35:59","modified_gmt":"2025-09-11T12:35:59","slug":"environnement","status":"publish","type":"page","link":"https:\/\/staging.salimaelearning.com\/ar\/environnement\/","title":{"rendered":"Environnement"},"content":{"rendered":"<div data-elementor-type=\"wp-page\" data-elementor-id=\"14349\" class=\"elementor elementor-14349\">\n\t\t\t\t<div class=\"elementor-element elementor-element-399daa81 e-flex e-con-boxed wpr-particle-no wpr-jarallax-no wpr-parallax-no wpr-sticky-section-no e-con e-parent\" data-id=\"399daa81\" data-element_type=\"container\" data-e-type=\"container\">\n\t\t\t\t\t<div class=\"e-con-inner\">\n\t\t<div class=\"elementor-element elementor-element-57dae2ae e-flex e-con-boxed wpr-particle-no wpr-jarallax-no wpr-parallax-no wpr-sticky-section-no elementor-invisible e-con e-child\" data-id=\"57dae2ae\" data-element_type=\"container\" data-e-type=\"container\" data-settings=\"{&quot;animation&quot;:&quot;slideInLeft&quot;}\">\n\t\t\t\t\t<div class=\"e-con-inner\">\n\t\t\t\t<div class=\"elementor-element elementor-element-4df31751 elementor-widget elementor-widget-image\" data-id=\"4df31751\" data-element_type=\"widget\" data-e-type=\"widget\" data-widget_type=\"image.default\">\n\t\t\t\t\t\t\t\t\t\t\t\t\t\t\t<img fetchpriority=\"high\" decoding=\"async\" width=\"843\" height=\"526\" src=\"https:\/\/staging.salimaelearning.com\/wp-content\/uploads\/2025\/09\/A3ZJSMECG5CKXHVCPTH2ZJMJVE.jpg\" class=\"attachment-large size-large wp-image-14359\" alt=\"\" srcset=\"https:\/\/staging.salimaelearning.com\/wp-content\/uploads\/2025\/09\/A3ZJSMECG5CKXHVCPTH2ZJMJVE.jpg 932w, https:\/\/staging.salimaelearning.com\/wp-content\/uploads\/2025\/09\/A3ZJSMECG5CKXHVCPTH2ZJMJVE-300x187.jpg 300w, https:\/\/staging.salimaelearning.com\/wp-content\/uploads\/2025\/09\/A3ZJSMECG5CKXHVCPTH2ZJMJVE-768x480.jpg 768w, https:\/\/staging.salimaelearning.com\/wp-content\/uploads\/2025\/09\/A3ZJSMECG5CKXHVCPTH2ZJMJVE-600x375.jpg 600w\" sizes=\"(max-width: 843px) 100vw, 843px\" \/>\t\t\t\t\t\t\t\t\t\t\t\t\t\t\t<\/div>\n\t\t\t\t\t<\/div>\n\t\t\t\t<\/div>\n\t\t<div class=\"elementor-element elementor-element-536428ce e-flex e-con-boxed wpr-particle-no wpr-jarallax-no wpr-parallax-no wpr-sticky-section-no elementor-invisible e-con e-child\" data-id=\"536428ce\" data-element_type=\"container\" data-e-type=\"container\" data-settings=\"{&quot;animation&quot;:&quot;slideInRight&quot;}\">\n\t\t\t\t\t<div class=\"e-con-inner\">\n\t\t\t\t<div class=\"elementor-element elementor-element-6df93fcc elementor-widget elementor-widget-heading\" data-id=\"6df93fcc\" data-element_type=\"widget\" data-e-type=\"widget\" data-widget_type=\"heading.default\">\n\t\t\t\t\t<h2 class=\"elementor-heading-title elementor-size-default\">Conformit\u00e9 Environnementales<\/h2>\t\t\t\t<\/div>\n\t\t\t\t<div class=\"elementor-element elementor-element-21c6a49a elementor-widget elementor-widget-text-editor\" data-id=\"21c6a49a\" data-element_type=\"widget\" data-e-type=\"widget\" data-widget_type=\"text-editor.default\">\n\t\t\t\t\t\t\t\t\t<p>\u00c9tudes d\u2019impact environnemental et \u00e9tudes de d\u00e9pollution , Audits de conformit\u00e9 environnementale et assistance administrative , Gestion environnementale de projets<\/p>\t\t\t\t\t\t\t\t<\/div>\n\t\t\t\t\t<\/div>\n\t\t\t\t<\/div>\n\t\t\t\t\t<\/div>\n\t\t\t\t<\/div>\n\t\t\t\t<\/div>","protected":false},"excerpt":{"rendered":"<p>Conformit\u00e9 Environnementales \u00c9tudes d\u2019impact environnemental et \u00e9tudes de d\u00e9pollution , Audits de conformit\u00e9 environnementale et assistance administrative ,<\/p>","protected":false},"author":9,"featured_media":0,"parent":0,"menu_order":0,"comment_status":"closed","ping_status":"closed","template":"","meta":{"footnotes":""},"class_list":["post-14349","page","type-page","status-publish","hentry"],"_links":{"self":[{"href":"https:\/\/staging.salimaelearning.com\/ar\/wp-json\/wp\/v2\/pages\/14349","targetHints":{"allow":["GET"]}}],"collection":[{"href":"https:\/\/staging.salimaelearning.com\/ar\/wp-json\/wp\/v2\/pages"}],"about":[{"href":"https:\/\/staging.salimaelearning.com\/ar\/wp-json\/wp\/v2\/types\/page"}],"author":[{"embeddable":true,"href":"https:\/\/staging.salimaelearning.com\/ar\/wp-json\/wp\/v2\/users\/9"}],"replies":[{"embeddable":true,"href":"https:\/\/staging.salimaelearning.com\/ar\/wp-json\/wp\/v2\/comments?post=14349"}],"version-history":[{"count":4,"href":"https:\/\/staging.salimaelearning.com\/ar\/wp-json\/wp\/v2\/pages\/14349\/revisions"}],"predecessor-version":[{"id":14362,"href":"https:\/\/staging.salimaelearning.com\/ar\/wp-json\/wp\/v2\/pages\/14349\/revisions\/14362"}],"wp:attachment":[{"href":"https:\/\/staging.salimaelearning.com\/ar\/wp-json\/wp\/v2\/media?parent=14349"}],"curies":[{"name":"wp","href":"https:\/\/api.w.org\/{rel}","templated":true}]}}